{"id":10857,"date":"2022-07-28T12:27:09","date_gmt":"2022-07-28T15:27:09","guid":{"rendered":"https:\/\/projetos.margoweb.com.br\/noussec\/?page_id=10857"},"modified":"2025-10-22T11:11:02","modified_gmt":"2025-10-22T14:11:02","slug":"contato","status":"publish","type":"page","link":"https:\/\/noussec.com.br\/en\/contato\/","title":{"rendered":"Contact"},"content":{"rendered":"<div class=\"wpb-content-wrapper\"><div class=\"wtbx_vc_row wtbx_vc_row-48766837 wtbx_stretch_row wtbx_anim_style_1 wtbx_row_fixed_height_screen\" data-skin=\"light\"><div class=\"wtbx_vc_el_container wtbx_vc_row_container\"><div class=\"wtbx_vc_el_inner wtbx_vc_row_inner\"><div class=\"wtbx_row_wrapper\"><div class=\"wtbx_row_bg\"><div class=\"wtbx_row_bg_inner wtbx-element-reveal wtbx-reveal-cont\"><div class=\"wtbx_row_bg_media_wrapper wtbx-entry-media\"><div class=\"wtbx_row_bg_media\"><div class=\"wtbx-bg-image\"><div class=\"wtbx-bg-image-inner\"><div  class=\"wtbx_row_bg_image wtbx-image lazyload wtbx-lazy\" data-bg=\"true\" data-sizes=\"auto\" data-path=\"https:\/\/noussec.com.br\/wp-content\/uploads\/2025\/02\/thought-catalog-UK78i6vK3sc-unsplash-1\" data-dims=\"[&quot;.jpg 2560w 1707h&quot;,&quot;300x200.jpg 300w 200h&quot;,&quot;1024x683.jpg 1024w 683h&quot;,&quot;768x512.jpg 768w 512h&quot;,&quot;1536x1024.jpg 1536w 1024h&quot;,&quot;2048x1365.jpg 2048w 1366h&quot;,&quot;18x12.jpg 18w 12h&quot;,&quot;1440x960.jpg 1440w 960h&quot;,&quot;1920x1280.jpg 1920w 1280h&quot;]\" data-ratio=\"66.68\" aria-label=\"thought-catalog-UK78i6vK3sc-unsplash\"><\/div><\/div><\/div><\/div><\/div><div class=\"wtbx_row_bg_overlay\"><\/div><\/div><\/div><div class=\"wtbx_row_content clearfix\"><div class=\"wtbx_row_content_wrapper\"><div class=\"wtbx_row_content_inner clearfix\"><div class=\"wtbx_vc_column vc_col-sm-12 wtbx_with_image wtbx_vc_column-48771673\"><div class=\"wtbx_vc_el_container wtbx_vc_column_container\"><div class=\"wtbx_vc_el_inner wtbx_vc_column_inner\"><div class=\"wtbx_column_wrapper clearfix\"><div class=\"wtbx_column_content\">\n\n<div class=\"wtbx_vc_empty_space wtbx_vc_empty_space-48771958\">\n\t\t<span class=\"wtbx_empty_space_inner\"><\/span>\n<\/div>\n<div class=\"wtbx_vc_styled_heading wtbx_vc_styled_heading-48772185 wtbx_style_default wtbx_align_center wtbx_appearance_animation wtbx-anim-bottom-to-top-small wtbx-duration-700 wtbx_easing-natural\"><div class=\"wtbx_vc_el_container wtbx_vc_styled_heading_container clearfix\"><div class=\"wtbx_vc_el_inner wtbx_vc_styled_heading_inner\"><div class=\"wtbx_heading_el_title_wrapper h1\"><h1 class=\"wtbx_heading_el_title wtbx-text\">Contato<\/h1><\/div><\/div><\/div><\/div>\n\n<div class=\"wtbx_vc_empty_space wtbx_vc_empty_space-48772398 mobile-hide\">\n\t\t<span class=\"wtbx_empty_space_inner\"><\/span>\n<\/div>\n<div class=\"wtbx_vc_styled_heading wtbx_vc_styled_heading-48772512 wtbx_style_default wtbx_align_center wtbx_appearance_animation wtbx-anim-bottom-to-top-small wtbx-duration-800 wtbx-delay-100 wtbx_easing-natural\"><div class=\"wtbx_vc_el_container wtbx_vc_styled_heading_container clearfix\"><div class=\"wtbx_vc_el_inner wtbx_vc_styled_heading_inner\"><div class=\"wtbx_heading_el_title_wrapper h1\"><h1 class=\"wtbx_heading_el_title wtbx-text\">Fale conosco<\/h1><\/div><\/div><\/div><\/div><\/div><\/div><\/div><\/div><\/div><\/div><\/div><\/div><\/div><\/div><\/div><\/div><div class=\"wtbx_vc_row wtbx_vc_row-48773033 wtbx_stretch_row wtbx_anim_style_1\" data-skin=\"light\"><div class=\"wtbx_vc_el_container wtbx_vc_row_container\"><div class=\"wtbx_vc_el_inner wtbx_vc_row_inner\"><div class=\"wtbx_row_wrapper\"><div class=\"wtbx_row_content clearfix\"><div class=\"wtbx_row_content_wrapper\"><div class=\"wtbx_row_content_inner clearfix\"><div class=\"wtbx_vc_column vc_col-sm-12 wtbx_with_image wtbx_vc_column-48773749\"><div class=\"wtbx_vc_el_container wtbx_vc_column_container\"><div class=\"wtbx_vc_el_inner wtbx_vc_column_inner\"><div class=\"wtbx_column_wrapper clearfix\"><div class=\"wtbx_column_content\">\n\n<div class=\"wtbx_vc_empty_space wtbx_vc_empty_space-48773933\">\n\t\t<span class=\"wtbx_empty_space_inner\"><\/span>\n<\/div>\n<\/div><\/div><\/div><\/div><\/div><\/div><\/div><\/div><\/div><\/div><\/div><\/div><div class=\"wtbx_vc_row wtbx_vc_row-48774202 wtbx_stretch_row wtbx_anim_style_1\" data-skin=\"light\"><div class=\"wtbx_vc_el_container wtbx_vc_row_container\"><div class=\"wtbx_vc_el_inner wtbx_vc_row_inner\"><div class=\"wtbx_row_wrapper\"><div class=\"wtbx_row_content clearfix\"><div class=\"wtbx_row_content_wrapper\"><div class=\"wtbx_row_content_inner clearfix\"><div class=\"wtbx_vc_column vc_col-sm-12 wtbx_with_image wtbx_vc_column-48774745\"><div class=\"wtbx_vc_el_container wtbx_vc_column_container\"><div class=\"wtbx_vc_el_inner wtbx_vc_column_inner\"><div class=\"wtbx_column_wrapper clearfix\"><div class=\"wtbx_column_content\">\n\n<div class=\"wtbx_vc_empty_space wtbx_vc_empty_space-48774939\">\n\t\t<span class=\"wtbx_empty_space_inner\"><\/span>\n<\/div>\n<div class=\"wtbx_vc_content_box wtbx_vc_content_box-48775179 wtbx_style_custom wtbx_vertical_horizontal_align= wtbx_big_shadow wtbx_hover_no_shadow wtbx_border_default wtbx_scale_ wtbx_equal_height cf-minimal\" data-equal=\"alignment=\"><div class=\"wtbx_vc_el_container wtbx_vc_content_box_container wtbx_equal_height_cont clearfix\"><div class=\"wtbx_vc_el_inner wtbx_vc_content_box_inner wtbx_equal_height_cont clearfix\"><div class=\"wtbx_content_box_bg wtbx_content_box_bg_idle\"><\/div><div class=\"wtbx_content_box_container\"><div class=\"wtbx_content_box_wrapper\"><div class=\"wtbx_content_box_content\"><div class=\"wtbx_vc_row wtbx_vc_inner_row wtbx_vc_inner_row-48775547 wtbx_stretch_row wtbx_row-flex-align-stretch wtbx_row-flex\"><div class=\"wtbx_vc_el_container wtbx_vc_inner_row_container\"><div class=\"wtbx_vc_el_inner wtbx_vc_inner_row_inner\"><div class=\"wtbx_inner_row_wrapper\"><div class=\"wtbx_inner_row_bg\"><div class=\"wtbx_inner_row_bg_inner wtbx-element-reveal wtbx-reveal-cont\"><div class=\"wtbx_inner_row_bg_media_wrapper wtbx-entry-media\"><div class=\"wtbx_inner_row_bg_media\"><\/div><\/div><\/div><\/div><div class=\"wtbx_inner_row_content clearfix\"><div class=\"wtbx_inner_row_content_wrapper\"><div class=\"wtbx_inner_row_content_inner clearfix\"><div class=\"wtbx_vc_inner_column vc_col-sm-8 wtbx_with_image wtbx_vc_inner_column-48775842\"><div class=\"wtbx_vc_el_container wtbx_vc_inner_column_container\"><div class=\"wtbx_vc_el_inner wtbx_vc_inner_column_inner\"><div class=\"wtbx_inner_column_bg\"><div class=\"wtbx_inner_column_bg_inner wtbx-element-reveal wtbx-reveal-cont\"><\/div><\/div><div class=\"wtbx_inner_column_wrapper clearfix\"><div class=\"wtbx_inner_column_content\"><div class=\"wtbx_vc_styled_heading wtbx_vc_styled_heading-48776054 wtbx_style_default\"><div class=\"wtbx_vc_el_container wtbx_vc_styled_heading_container clearfix\"><div class=\"wtbx_vc_el_inner wtbx_vc_styled_heading_inner\"><div class=\"wtbx_heading_el_title_wrapper h3\"><h3 class=\"wtbx_heading_el_title wtbx-text\">Envie uma mensagem<\/h3><\/div><\/div><\/div><\/div>\n\n<div class=\"wtbx_vc_empty_space wtbx_vc_empty_space-48776197\">\n\t\t<span class=\"wtbx_empty_space_inner\"><\/span>\n<\/div>\n\n<div class=\"wpcf7 no-js\" id=\"wpcf7-f2935-o1\" lang=\"en-US\" dir=\"ltr\" data-wpcf7-id=\"2935\">\n<div class=\"screen-reader-response\"><p role=\"status\" aria-live=\"polite\" aria-atomic=\"true\"><\/p> <ul><\/ul><\/div>\n<form action=\"\/en\/wp-json\/wp\/v2\/pages\/10857#wpcf7-f2935-o1\" method=\"post\" class=\"wpcf7-form init\" aria-label=\"Contact form\" novalidate=\"novalidate\" data-status=\"init\">\n<fieldset class=\"hidden-fields-container\"><input type=\"hidden\" name=\"_wpcf7\" value=\"2935\" \/><input type=\"hidden\" name=\"_wpcf7_version\" value=\"6.1.5\" \/><input type=\"hidden\" name=\"_wpcf7_locale\" value=\"en_US\" \/><input type=\"hidden\" name=\"_wpcf7_unit_tag\" value=\"wpcf7-f2935-o1\" \/><input type=\"hidden\" name=\"_wpcf7_container_post\" value=\"0\" \/><input type=\"hidden\" name=\"_wpcf7_posted_data_hash\" value=\"\" \/><input type=\"hidden\" name=\"_wpcf7_recaptcha_response\" value=\"\" \/>\n<\/fieldset>\n<p class=\"vc_col-sm-6 no-padding-left\"><br \/>\n<span class=\"wpcf7-form-control-wrap\" data-name=\"your-name\"><input size=\"40\" maxlength=\"400\" class=\"wpcf7-form-control wpcf7-text wpcf7-validates-as-required\" aria-required=\"true\" aria-invalid=\"false\" value=\"\" type=\"text\" name=\"your-name\" \/><\/span><br \/>\n<label for=\"your-name\">Nome*<\/label>\n<\/p>\n<p class=\"vc_col-sm-6 no-padding-right\"><br \/>\n<span class=\"wpcf7-form-control-wrap\" data-name=\"your-phone\"><input size=\"40\" maxlength=\"400\" class=\"wpcf7-form-control wpcf7-tel wpcf7-validates-as-required wpcf7-text wpcf7-validates-as-tel\" aria-required=\"true\" aria-invalid=\"false\" value=\"\" type=\"tel\" name=\"your-phone\" \/><\/span><br \/>\n<label for=\"your-phone\">Telefone*<\/label>\n<\/p>\n<p class=\"vc_col-sm-6 no-padding-left\"><br \/>\n<span class=\"wpcf7-form-control-wrap\" data-name=\"your-email\"><input size=\"40\" maxlength=\"400\" class=\"wpcf7-form-control wpcf7-email wpcf7-validates-as-required wpcf7-text wpcf7-validates-as-email\" aria-required=\"true\" aria-invalid=\"false\" value=\"\" type=\"email\" name=\"your-email\" \/><\/span><br \/>\n<label for=\"your-email\">Email*<\/label>\n<\/p>\n<p class=\"vc_col-sm-6 no-padding-right\"><br \/>\n<span class=\"wpcf7-form-control-wrap\" data-name=\"your-company\"><input size=\"40\" maxlength=\"400\" class=\"wpcf7-form-control wpcf7-text\" aria-invalid=\"false\" value=\"\" type=\"text\" name=\"your-company\" \/><\/span><br \/>\n<label for=\"your-company\">Empresa<\/label>\n<\/p>\n<p class=\"vc_col-sm-12 no-padding-left no-padding-right\"><br \/>\n<span class=\"wpcf7-form-control-wrap\" data-name=\"your-message\"><textarea cols=\"40\" rows=\"10\" maxlength=\"2000\" class=\"wpcf7-form-control wpcf7-textarea\" aria-invalid=\"false\" name=\"your-message\"><\/textarea><\/span><br \/>\n<label for=\"your-message\">Mensagem<\/label>\n<\/p>\n<p class=\"vc_col-sm-12 no-padding-left no-padding-right\"><input class=\"wpcf7-form-control wpcf7-submit has-spinner\" type=\"submit\" value=\"Enviar\" \/>\n<\/p><div class=\"wpcf7-response-output\" aria-hidden=\"true\"><\/div>\n<\/form>\n<\/div>\n<\/div><\/div><\/div><\/div><\/div><div class=\"wtbx_vc_inner_column vc_col-sm-4 wtbx_with_image wtbx_vc_inner_column-48778686\"><div class=\"wtbx_vc_el_container wtbx_vc_inner_column_container\"><div class=\"wtbx_vc_el_inner wtbx_vc_inner_column_inner\"><div class=\"wtbx_inner_column_bg\"><div class=\"wtbx_inner_column_bg_inner wtbx-element-reveal wtbx-reveal-cont\"><\/div><\/div><div class=\"wtbx_inner_column_wrapper clearfix\"><div class=\"wtbx_inner_column_content\"><div class=\"wtbx_vc_styled_heading wtbx_vc_styled_heading-48778956 wtbx_style_default\"><div class=\"wtbx_vc_el_container wtbx_vc_styled_heading_container clearfix\"><div class=\"wtbx_vc_el_inner wtbx_vc_styled_heading_inner\"><div class=\"wtbx_heading_el_title_wrapper h3\"><h3 class=\"wtbx_heading_el_title wtbx-text\">Informa\u00e7\u00f5es<\/h3><\/div><\/div><\/div><\/div>\n\n<div class=\"wtbx_vc_empty_space wtbx_vc_empty_space-48779106\">\n\t\t<span class=\"wtbx_empty_space_inner\"><\/span>\n<\/div>\n<div class=\"wtbx_vc_service wtbx_vc_service-48779369 wtbx_style_left wtbx_bullet_cont_empty wtbx_bullet_no_shadow wtbx_bullet_no_border\"><div class=\"wtbx_vc_el_container wtbx_vc_service_container\"><div class=\"wtbx_vc_el_inner wtbx_vc_service_inner icon_anim_container\"><div class=\"wtbx_service_bullet\"><div class=\"wtbx_service_bullet_inner wtbx_service_bullet_icon\"><i class=\"scape-basic-Location-2 wtbx_vc_icon\"><\/i><\/div><\/div><div class=\"wtbx_service_content\"><div class=\"wtbx_service_title wtbx_textholder wtbx-text\">Av. Nicomedes Alves dos Santos, 3600 - Sala 126 A - G\u00e1vea Business.<\/div><\/div><\/div><\/div><\/div>\n\n<div class=\"wtbx_vc_empty_space wtbx_vc_empty_space-48779486\">\n\t\t<span class=\"wtbx_empty_space_inner\"><\/span>\n<\/div>\n<div class=\"wtbx_vc_service wtbx_vc_service-48779674 wtbx_style_left wtbx_bullet_cont_empty wtbx_bullet_no_shadow wtbx_bullet_no_border\"><div class=\"wtbx_vc_el_container wtbx_vc_service_container\"><div class=\"wtbx_vc_el_inner wtbx_vc_service_inner icon_anim_container\"><div class=\"wtbx_service_bullet\"><div class=\"wtbx_service_bullet_inner wtbx_service_bullet_icon\"><i class=\"scape-devices-Smartphone-1 wtbx_vc_icon\"><\/i><\/div><\/div><div class=\"wtbx_service_content\"><div class=\"wtbx_service_title wtbx_textholder wtbx-text\">+55 (34) 9 9888-9111<\/div><\/div><\/div><\/div><\/div>\n\n<div class=\"wtbx_vc_empty_space wtbx_vc_empty_space-48779780\">\n\t\t<span class=\"wtbx_empty_space_inner\"><\/span>\n<\/div>\n<div class=\"wtbx_vc_service wtbx_vc_service-48779966 wtbx_style_left wtbx_bullet_cont_empty wtbx_bullet_no_shadow wtbx_bullet_no_border\"><div class=\"wtbx_vc_el_container wtbx_vc_service_container\"><div class=\"wtbx_vc_el_inner wtbx_vc_service_inner icon_anim_container\"><div class=\"wtbx_service_bullet\"><div class=\"wtbx_service_bullet_inner wtbx_service_bullet_icon\"><i class=\"scape-basic-Mail wtbx_vc_icon\"><\/i><\/div><\/div><div class=\"wtbx_service_content\"><div class=\"wtbx_service_title wtbx_textholder wtbx-text\">contact-nous@noussec.com.br<\/div><\/div><\/div><\/div><\/div>\n\n<div class=\"wtbx_vc_empty_space wtbx_vc_empty_space-48780051\">\n\t\t<span class=\"wtbx_empty_space_inner\"><\/span>\n<\/div>\n<div class=\"wtbx_vc_social_icons wtbx_vc_social_icons-48780359 wtbx_style_1 wtbx_align_center\"><div class=\"wtbx_vc_el_container wtbx_vc_social_icons_container\"><div class=\"wtbx_vc_el_inner wtbx_vc_social_icons_inner\"><ul class=\"wtbx_social_icons_wrapper\"><li class=\"wtbx_social_icon wtbx_vc_child_container linkedin wtbx_size_5\"><a class=\"wtbx_style_1 wtbx_default_custom wtbx_hover_custom wtbx_default_bg_branded wtbx_hover_bg_branded\" href=\"https:\/\/www.linkedin.com\/company\/noussec\/\" target=\"_blank\"><i class=\"scape-ui-linkedin\"><\/i><\/a><\/li><\/ul><\/div><\/div><\/div><\/div><\/div><\/div><\/div><\/div><\/div><\/div><\/div><\/div><\/div><\/div><\/div><\/div><\/div><\/div><\/div><\/div><\/div>\n\n<div class=\"wtbx_vc_empty_space wtbx_vc_empty_space-48780675\">\n\t\t<span class=\"wtbx_empty_space_inner\"><\/span>\n<\/div>\n<\/div><\/div><\/div><\/div><\/div><\/div><\/div><\/div><\/div><\/div><\/div><\/div><div class=\"wtbx_vc_row wtbx_vc_row-48781165 wtbx_stretch_row wtbx_anim_style_1 wtbx_row-flex-align-stretch wtbx_row-content-align-middle wtbx_row-flex\" data-skin=\"light\"><div class=\"wtbx_vc_el_container wtbx_vc_row_container\"><div class=\"wtbx_vc_el_inner wtbx_vc_row_inner\"><div class=\"wtbx_row_wrapper\"><div class=\"wtbx_row_bg\"><\/div><div class=\"wtbx_row_content clearfix\"><div class=\"wtbx_row_content_wrapper\"><div class=\"wtbx_row_content_inner clearfix\"><div class=\"wtbx_vc_column vc_col-sm-8 wtbx_with_image wtbx_vc_column-48781984 wtbx_center_align_tablet_portrait\"><div class=\"wtbx_vc_el_container wtbx_vc_column_container\"><div class=\"wtbx_vc_el_inner wtbx_vc_column_inner\"><div class=\"wtbx_column_wrapper clearfix\"><div class=\"wtbx_column_content\"><div class=\"wtbx_vc_text_element wtbx_vc_text_element-48782285 wtbx_display_block wtbx_disable_margin wtbx_appearance_animation wtbx-anim-left-to-right-small wtbx-duration-600 wtbx_easing-natural\"><div class=\"wtbx_vc_el_container wtbx_vc_text_element_container\"><div class=\"wtbx_text_element_content\"><div class=\"wtbx_text_element_inner\"><p>Quer saber mais e tirar todas as suas d\u00favidas?<\/p>\n<\/div><\/div><\/div><\/div><div class=\"wtbx_vc_text_element wtbx_vc_text_element-48782532 wtbx_display_block wtbx_disable_margin wtbx_appearance_animation wtbx-anim-left-to-right-small wtbx-duration-700 wtbx-delay-100 wtbx_easing-natural\"><div class=\"wtbx_vc_el_container wtbx_vc_text_element_container\"><div class=\"wtbx_text_element_content\"><div class=\"wtbx_text_element_inner\"><div class=\"wtbx_vc_column vc_col-sm-8 wtbx_with_image wtbx_vc_column-44216514 wtbx_center_align_tablet_portrait\">\n<div class=\"wtbx_vc_el_container wtbx_vc_column_container\">\n<div class=\"wtbx_vc_el_inner wtbx_vc_column_inner\">\n<div class=\"wtbx_column_wrapper clearfix\">\n<div class=\"wtbx_column_content\" style=\"padding: 0 !important;\">\n<div class=\"wtbx_vc_text_element wtbx_vc_text_element-44217387 wtbx_display_block wtbx_disable_margin wtbx_appearance_animation wtbx-anim-left-to-right-small wtbx-duration-700 wtbx-delay-100 wtbx_easing-natural wtbx_to_be_animated wtbx_animated\">\n<div class=\"wtbx_vc_el_container wtbx_vc_text_element_container\">\n<div class=\"wtbx_text_element_content\">\n<div class=\"wtbx_text_element_inner\">Fale com a gente agora mesmo!<\/div>\n<\/div>\n<\/div>\n<\/div>\n<\/div>\n<\/div>\n<\/div>\n<\/div>\n<\/div>\n<\/div><\/div><\/div><\/div><\/div><\/div><\/div><\/div><\/div><div class=\"wtbx_vc_column vc_col-sm-4 wtbx_with_image wtbx_vc_column-48783297 wtbx_align_right wtbx_center_align_tablet_portrait\"><div class=\"wtbx_vc_el_container wtbx_vc_column_container\"><div class=\"wtbx_vc_el_inner wtbx_vc_column_inner\"><div class=\"wtbx_column_wrapper clearfix\"><div class=\"wtbx_column_content\"><div class=\"wtbx_vc_button wtbx_vc_button-48783574 wtbx_style_arrow wtbx_type_square wtbx_skin_dark wtbx_size_ wtbx_display_block wtbx_appearance_animation wtbx-anim-left-to-right-small wtbx-duration-800 wtbx-delay-200 wtbx_easing-natural\"><div class=\"wtbx_vc_el_container wtbx_vc_button_container\"><div class=\"wtbx_vc_el_inner wtbx_vc_button_inner\"><a  target=\"_self\" class=\"wtbx-button wtbx-button-arrow\"><span class=\"wtbx_button_inner\">Conversar com a Noussec<\/span><svg class=\"wtbx_link_arrow\" viewBox=\"0 0 813 486\" xmlns=\"http:\/\/www.w3.org\/2000\/svg\"><rect class=\"bar\" height=\"60\" rx=\"30\" width=\"800\" y=\"213\"\/><path class=\"chevron\" d=\"m793.388955 224.472433c9.626991 11.783528 8.945751 29.177709-2.043717 40.167177l-200.139611 200.139611c-11.715728 11.715728-30.710678 11.715728-42.426406 0-11.715729-11.715729-11.715729-30.710679 0-42.426407l179.073593-179.073593-179.352814-179.3528141c-11.715729-11.7157288-11.715729-30.7106781 0-42.4264069 11.715729-11.71572875 30.710678-11.71572875 42.426407 0l199.418831 199.418831c1.122031 1.122031 2.136603 2.310828 3.043717 3.553602z\"\/><\/svg><\/a><\/div><\/div><\/div><\/div><\/div><\/div><\/div><\/div><\/div><\/div><\/div><\/div><\/div><\/div><\/div>\n<\/div>","protected":false},"excerpt":{"rendered":"Contato Fale conosco Envie uma mensagem Nome* Telefone* Email* Empresa Mensagem Informa\u00e7\u00f5es Av. Nicomedes Alves dos Santos, 3600 - Sala 126 A - G\u00e1vea Business. +55 (34) 9 9888-9111 contact-nous@noussec.com.br Quer saber mais e tirar todas as suas d\u00favidas? Fale com a gente agora mesmo! Conversar com a Noussec","protected":false},"author":1,"featured_media":0,"parent":0,"menu_order":0,"comment_status":"closed","ping_status":"closed","template":"","meta":{"footnotes":""},"class_list":["post-10857","page","type-page","status-publish","hentry"],"_links":{"self":[{"href":"https:\/\/noussec.com.br\/en\/wp-json\/wp\/v2\/pages\/10857","targetHints":{"allow":["GET"]}}],"collection":[{"href":"https:\/\/noussec.com.br\/en\/wp-json\/wp\/v2\/pages"}],"about":[{"href":"https:\/\/noussec.com.br\/en\/wp-json\/wp\/v2\/types\/page"}],"author":[{"embeddable":true,"href":"https:\/\/noussec.com.br\/en\/wp-json\/wp\/v2\/users\/1"}],"replies":[{"embeddable":true,"href":"https:\/\/noussec.com.br\/en\/wp-json\/wp\/v2\/comments?post=10857"}],"version-history":[{"count":24,"href":"https:\/\/noussec.com.br\/en\/wp-json\/wp\/v2\/pages\/10857\/revisions"}],"predecessor-version":[{"id":11715,"href":"https:\/\/noussec.com.br\/en\/wp-json\/wp\/v2\/pages\/10857\/revisions\/11715"}],"wp:attachment":[{"href":"https:\/\/noussec.com.br\/en\/wp-json\/wp\/v2\/media?parent=10857"}],"curies":[{"name":"wp","href":"https:\/\/api.w.org\/{rel}","templated":true}]}}